{"id":4649,"date":"2021-10-08T19:28:24","date_gmt":"2021-10-08T18:28:24","guid":{"rendered":"http:\/\/www.artinbox.cz\/?page_id=4649"},"modified":"2021-10-08T19:28:24","modified_gmt":"2021-10-08T18:28:24","slug":"peter-zupnik-1961","status":"publish","type":"page","link":"https:\/\/www.artinbox.cz\/?page_id=4649","title":{"rendered":"Peter \u017dupn\u00edk (*1961)"},"content":{"rendered":"\n<figure class=\"wp-block-pullquote\" style=\"border-color:#000000\"><blockquote class=\"has-text-color has-black-color\"><p>Peter \u017dupn\u00edk is a Slovakian photographer living in Paris since the 1990s. Alongside photographers such as Tono Stano, Kamil Varga or Vasil Stanko he is a part of the \u201cSlovakian new wave\u201d \u2013 a group of Slovakian photographers who came to Prague in the late 1970s to study at the Film and TV School of Academy of Performing Arts (FAMU) under J\u00e1n \u0160mok and who broke down barriers regarding contemporary photography. \u017dupn\u00edk rejects staged photography and focuses on the everyday, documenting objects and people around him, often focusing on tiny objects in his home, where he used to spend a significant amount of time due to him being a self-professed stay-at-home dad. Many theoreticians found surrealism to be one of his influences, while \u017dupn\u00edk claims to be more inspired by commonplace objects and situations, rather than any art styles.<\/p><\/blockquote><\/figure>\n\n\n\n<div class=\"wp-block-columns is-layout-flex wp-container-7 wp-block-columns-is-layout-flex\">\n<div class=\"wp-block-column is-layout-flow wp-block-column-is-layout-flow\">\n<div class=\"wp-block-group\"><div class=\"wp-block-group__inner-container is-layout-flow wp-block-group-is-layout-flow\">\n<figure class=\"wp-block-gallery columns-2 is-cropped wp-block-gallery-1 is-layout-flex wp-block-gallery-is-layout-flex\"><ul class=\"blocks-gallery-grid\"><li class=\"blocks-gallery-item\"><figure><img decoding=\"async\" loading=\"lazy\" width=\"1024\" height=\"693\" src=\"http:\/\/www.artinbox.cz\/wp-content\/uploads\/2021\/10\/z\u030cupni\u0301k-dve\u030c-mus\u030cle-1024x693.jpg\" alt=\"\" data-id=\"4570\" data-full-url=\"http:\/\/www.artinbox.cz\/wp-content\/uploads\/2021\/10\/z\u030cupni\u0301k-dve\u030c-mus\u030cle-scaled.jpg\" data-link=\"http:\/\/www.artinbox.cz\/?attachment_id=4570\" class=\"wp-image-4570\" srcset=\"https:\/\/www.artinbox.cz\/wp-content\/uploads\/2021\/10\/z\u030cupni\u0301k-dve\u030c-mus\u030cle-1024x693.jpg 1024w, https:\/\/www.artinbox.cz\/wp-content\/uploads\/2021\/10\/z\u030cupni\u0301k-dve\u030c-mus\u030cle-600x406.jpg 600w, https:\/\/www.artinbox.cz\/wp-content\/uploads\/2021\/10\/z\u030cupni\u0301k-dve\u030c-mus\u030cle-768x520.jpg 768w, https:\/\/www.artinbox.cz\/wp-content\/uploads\/2021\/10\/z\u030cupni\u0301k-dve\u030c-mus\u030cle-1536x1040.jpg 1536w, https:\/\/www.artinbox.cz\/wp-content\/uploads\/2021\/10\/z\u030cupni\u0301k-dve\u030c-mus\u030cle-2048x1386.jpg 2048w, https:\/\/www.artinbox.cz\/wp-content\/uploads\/2021\/10\/z\u030cupni\u0301k-dve\u030c-mus\u030cle-305x206.jpg 305w\" sizes=\"(max-width: 1024px) 100vw, 1024px\" \/><\/figure><\/li><li class=\"blocks-gallery-item\"><figure><img decoding=\"async\" loading=\"lazy\" width=\"800\" height=\"522\" src=\"http:\/\/www.artinbox.cz\/wp-content\/uploads\/2011\/05\/Origin_of_the_genesis.jpg\" alt=\"\" data-id=\"1351\" data-full-url=\"http:\/\/www.artinbox.cz\/wp-content\/uploads\/2011\/05\/Origin_of_the_genesis.jpg\" data-link=\"http:\/\/www.artinbox.cz\/?attachment_id=1351\" class=\"wp-image-1351\" srcset=\"https:\/\/www.artinbox.cz\/wp-content\/uploads\/2011\/05\/Origin_of_the_genesis.jpg 800w, https:\/\/www.artinbox.cz\/wp-content\/uploads\/2011\/05\/Origin_of_the_genesis-600x391.jpg 600w, https:\/\/www.artinbox.cz\/wp-content\/uploads\/2011\/05\/Origin_of_the_genesis-305x199.jpg 305w\" sizes=\"(max-width: 800px) 100vw, 800px\" \/><\/figure><\/li><\/ul><\/figure>\n\n\n\n<div class=\"wp-block-columns is-layout-flex wp-container-4 wp-block-columns-is-layout-flex\">\n<div class=\"wp-block-column is-layout-flow wp-block-column-is-layout-flow\">\n<figure class=\"wp-block-pullquote\" style=\"border-color:#000000\"><blockquote class=\"has-text-color has-black-color\"><p>Peter \u017dupn\u00edk je slovensk\u00fd fotograf \u017eij\u00edc\u00ed v\u00a0Pa\u0159\u00ed\u017ei od 90. let minul\u00e9ho stolet\u00ed. Spolu s\u00a0fotografy jako je Tono Stano, Kamil Varga nebo Vasil Stanko tvo\u0159\u00ed takzvanou Slovenskou novou vlnu \u2013 skupinu slovensk\u00fdch fotograf\u016f, kte\u0159\u00ed koncem 70. let minul\u00e9ho stolet\u00ed p\u0159i\u0161li do Prahy, aby studovali na Filmov\u00e9 a televizn\u00ed fakult\u011b Akademie m\u00fazick\u00fdch um\u011bn\u00ed (FAMU) u J\u00e1na \u0160moka a bo\u0159ili za\u0161l\u00e9 vzorce v\u00a0sou\u010dasn\u00e9 fotografii. \u017dupn\u00edk zavrhuje inscenovanou fotografii a zam\u011b\u0159uje se na v\u0161edn\u00ed prost\u0159ed\u00ed. Dokumentuje lidi a objekty kolem sebe, \u010dasto v\u00a0prostoru sv\u00e9ho domova, kde jako\u017eto mu\u017e v\u00a0dom\u00e1cnosti tr\u00e1vil pom\u011brn\u011b mnoho \u010dasu. Mnoho teoretik\u016f a teoreti\u010dek v\u00a0\u017dupkn\u00edkov\u011b tvorb\u011b nach\u00e1z\u00ed vlivy surrealismu, ale podle samotn\u00e9ho fotografa jsou mu inspirac\u00ed sp\u00ed\u0161e oby\u010dejn\u00e9 objekty a b\u011b\u017en\u00e9 situace ne\u017e jak\u00e9koliv um\u011bleck\u00e9 styly.<\/p><\/blockquote><\/figure>\n<\/div>\n<\/div>\n<\/div><\/div>\n<\/div>\n<\/div>\n","protected":false},"excerpt":{"rendered":"<p> [&hellip;]<\/p>\n","protected":false},"author":3,"featured_media":0,"parent":0,"menu_order":0,"comment_status":"closed","ping_status":"closed","template":"","meta":{"footnotes":""},"_links":{"self":[{"href":"https:\/\/www.artinbox.cz\/index.php?rest_route=\/wp\/v2\/pages\/4649"}],"collection":[{"href":"https:\/\/www.artinbox.cz\/index.php?rest_route=\/wp\/v2\/pages"}],"about":[{"href":"https:\/\/www.artinbox.cz\/index.php?rest_route=\/wp\/v2\/types\/page"}],"author":[{"embeddable":true,"href":"https:\/\/www.artinbox.cz\/index.php?rest_route=\/wp\/v2\/users\/3"}],"replies":[{"embeddable":true,"href":"https:\/\/www.artinbox.cz\/index.php?rest_route=%2Fwp%2Fv2%2Fcomments&post=4649"}],"version-history":[{"count":1,"href":"https:\/\/www.artinbox.cz\/index.php?rest_route=\/wp\/v2\/pages\/4649\/revisions"}],"predecessor-version":[{"id":4650,"href":"https:\/\/www.artinbox.cz\/index.php?rest_route=\/wp\/v2\/pages\/4649\/revisions\/4650"}],"wp:attachment":[{"href":"https:\/\/www.artinbox.cz\/index.php?rest_route=%2Fwp%2Fv2%2Fmedia&parent=4649"}],"curies":[{"name":"wp","href":"https:\/\/api.w.org\/{rel}","templated":true}]}}