{"id":4646,"date":"2021-10-08T19:24:54","date_gmt":"2021-10-08T18:24:54","guid":{"rendered":"http:\/\/www.artinbox.cz\/?page_id=4646"},"modified":"2021-10-08T19:24:55","modified_gmt":"2021-10-08T18:24:55","slug":"nadia-rovderova-1971","status":"publish","type":"page","link":"https:\/\/www.artinbox.cz\/?page_id=4646","title":{"rendered":"Nadia Rovderov\u00e1 (*1971)"},"content":{"rendered":"\n<figure class=\"wp-block-pullquote\" style=\"border-color:#000000\"><blockquote class=\"has-text-color has-black-color\"><p>Nadia Rovderov\u00e1 is a Slovakian-born photographer, publicist and curator based in Prague, where she also runs her gallery Artinbox. She studied journalism at Komensky University in Bratislava and only started exploring photography after relocating to Prague. As a photographer she was first introduced to a broader audience by curator Lucia Benick\u00e1 in her group exhibition titled <em>New Names in Contemporary Slovakian Photography <\/em>in the House of Photography in Poprad and in Akropolic in Prague. After that, her work has been shown at exhibitions in Czech Republic, Slovakia, Poland, Hungary, Germany, Italy, France and Japan. Rovderov\u00e1\u2019s work is featured in several important photography collections, such as Czech photography of 20<sup>th<\/sup> century or Czech Fundamental. Her photographic production resembles painting, where long exposition and blurred contours substitute brushstrokes. Central to her work is intuition and chance, with her documenting photographic error, such as long exposition.\u00a0\u00a0<\/p><\/blockquote><\/figure>\n\n\n\n<div class=\"wp-block-columns is-layout-flex wp-container-7 wp-block-columns-is-layout-flex\">\n<div class=\"wp-block-column is-layout-flow wp-block-column-is-layout-flow\">\n<div class=\"wp-block-group\"><div class=\"wp-block-group__inner-container is-layout-flow wp-block-group-is-layout-flow\">\n<figure class=\"wp-block-gallery columns-2 is-cropped wp-block-gallery-1 is-layout-flex wp-block-gallery-is-layout-flex\"><ul class=\"blocks-gallery-grid\"><li class=\"blocks-gallery-item\"><figure><img decoding=\"async\" loading=\"lazy\" width=\"800\" height=\"515\" src=\"http:\/\/www.artinbox.cz\/wp-content\/uploads\/2021\/10\/rovder-adam-a-e.jpeg\" alt=\"\" data-id=\"4578\" data-full-url=\"http:\/\/www.artinbox.cz\/wp-content\/uploads\/2021\/10\/rovder-adam-a-e.jpeg\" data-link=\"http:\/\/www.artinbox.cz\/?attachment_id=4578\" class=\"wp-image-4578\" srcset=\"https:\/\/www.artinbox.cz\/wp-content\/uploads\/2021\/10\/rovder-adam-a-e.jpeg 800w, https:\/\/www.artinbox.cz\/wp-content\/uploads\/2021\/10\/rovder-adam-a-e-600x386.jpeg 600w, https:\/\/www.artinbox.cz\/wp-content\/uploads\/2021\/10\/rovder-adam-a-e-768x494.jpeg 768w, https:\/\/www.artinbox.cz\/wp-content\/uploads\/2021\/10\/rovder-adam-a-e-305x196.jpeg 305w\" sizes=\"(max-width: 800px) 100vw, 800px\" \/><\/figure><\/li><li class=\"blocks-gallery-item\"><figure><img decoding=\"async\" loading=\"lazy\" width=\"800\" height=\"492\" src=\"http:\/\/www.artinbox.cz\/wp-content\/uploads\/2021\/10\/rovder-adam-a-ev.jpeg\" alt=\"\" data-id=\"4579\" data-full-url=\"http:\/\/www.artinbox.cz\/wp-content\/uploads\/2021\/10\/rovder-adam-a-ev.jpeg\" data-link=\"http:\/\/www.artinbox.cz\/?attachment_id=4579\" class=\"wp-image-4579\" srcset=\"https:\/\/www.artinbox.cz\/wp-content\/uploads\/2021\/10\/rovder-adam-a-ev.jpeg 800w, https:\/\/www.artinbox.cz\/wp-content\/uploads\/2021\/10\/rovder-adam-a-ev-600x369.jpeg 600w, https:\/\/www.artinbox.cz\/wp-content\/uploads\/2021\/10\/rovder-adam-a-ev-768x472.jpeg 768w, https:\/\/www.artinbox.cz\/wp-content\/uploads\/2021\/10\/rovder-adam-a-ev-305x188.jpeg 305w\" sizes=\"(max-width: 800px) 100vw, 800px\" \/><\/figure><\/li><\/ul><\/figure>\n\n\n\n<div class=\"wp-block-columns is-layout-flex wp-container-4 wp-block-columns-is-layout-flex\">\n<div class=\"wp-block-column is-layout-flow wp-block-column-is-layout-flow\">\n<figure class=\"wp-block-pullquote\" style=\"border-color:#000000\"><blockquote class=\"has-text-color has-black-color\"><p>Nadia Rovderov\u00e1 je fotografka, publicistka a kur\u00e1torka narozen\u00e1 na Slovensku a dlouhodob\u011b \u017eij\u00edc\u00ed v\u00a0Praze, kde tak\u00e9 vede svou galerii Artinbox. Vystudovala \u017eurnalistiku na Univerzit\u011b Komensk\u00e9ho v\u00a0Bratislav\u011b a fotografii se za\u010dala v\u011bnovat a\u017e po p\u0159est\u011bhov\u00e1n\u00ed do Prahy. Jej\u00ed fotografick\u00e1 tvorba byla poprv\u00e9 p\u0159edstavena \u0161ir\u0161\u00edmu publiku kur\u00e1torkou Luci\u00ed Benickou, kter\u00e1 fotografie Rovderov\u00e9 za\u0159adila do v\u00fdstavy <em>Nov\u00e1 jm\u00e9na v\u00a0sou\u010dasn\u00e9 slovensk\u00e9 fotografii<\/em> v\u00a0popradsk\u00e9m Dom\u011b fotografie a v\u00a0pra\u017esk\u00e9m Pal\u00e1ci Akropolis. Pot\u00e9 byla jej\u00ed tvorba p\u0159edstavena v\u00a0r\u00e1mci r\u016fzn\u00fdch v\u00fdstav v\u00a0\u010cesku, Slovensku, Ma\u010farsku, N\u011bmecku, It\u00e1lii, Francii \u010di Japonsku. Jej\u00ed d\u00edla jsou zastoupena v\u00a0n\u011bkolika v\u00fdznamn\u00fdch fotografick\u00fdch sb\u00edrk\u00e1ch, jako je \u010cesk\u00e1 fotografie 20. stolet\u00ed nebo Czech Fundamental. Fotografie Rovderov\u00e9 \u010dasto na prvn\u00ed pohled p\u0159ipom\u00ednaj\u00ed malovan\u00e9 obrazy, ve kter\u00fdch byly tahy \u0161t\u011btcem nahrazeny dlouhou expozic\u00ed a rozost\u0159en\u00fdmi obrysy. D\u016fle\u017eitou roli v\u00a0jej\u00ed tvorb\u011b hraje intuice, n\u00e1hoda a zaznamen\u00e1v\u00e1n\u00ed toho, co by se dalo pova\u017eovat za fotografickou chybu.\u00a0<\/p><\/blockquote><\/figure>\n<\/div>\n<\/div>\n<\/div><\/div>\n<\/div>\n<\/div>\n","protected":false},"excerpt":{"rendered":"<p> [&hellip;]<\/p>\n","protected":false},"author":3,"featured_media":0,"parent":0,"menu_order":0,"comment_status":"closed","ping_status":"closed","template":"","meta":{"footnotes":""},"_links":{"self":[{"href":"https:\/\/www.artinbox.cz\/index.php?rest_route=\/wp\/v2\/pages\/4646"}],"collection":[{"href":"https:\/\/www.artinbox.cz\/index.php?rest_route=\/wp\/v2\/pages"}],"about":[{"href":"https:\/\/www.artinbox.cz\/index.php?rest_route=\/wp\/v2\/types\/page"}],"author":[{"embeddable":true,"href":"https:\/\/www.artinbox.cz\/index.php?rest_route=\/wp\/v2\/users\/3"}],"replies":[{"embeddable":true,"href":"https:\/\/www.artinbox.cz\/index.php?rest_route=%2Fwp%2Fv2%2Fcomments&post=4646"}],"version-history":[{"count":1,"href":"https:\/\/www.artinbox.cz\/index.php?rest_route=\/wp\/v2\/pages\/4646\/revisions"}],"predecessor-version":[{"id":4647,"href":"https:\/\/www.artinbox.cz\/index.php?rest_route=\/wp\/v2\/pages\/4646\/revisions\/4647"}],"wp:attachment":[{"href":"https:\/\/www.artinbox.cz\/index.php?rest_route=%2Fwp%2Fv2%2Fmedia&parent=4646"}],"curies":[{"name":"wp","href":"https:\/\/api.w.org\/{rel}","templated":true}]}}