{"id":4639,"date":"2021-10-08T19:18:28","date_gmt":"2021-10-08T18:18:28","guid":{"rendered":"http:\/\/www.artinbox.cz\/?page_id=4639"},"modified":"2021-10-08T19:18:29","modified_gmt":"2021-10-08T18:18:29","slug":"suzanne-pastor-1952","status":"publish","type":"page","link":"https:\/\/www.artinbox.cz\/?page_id=4639","title":{"rendered":"Suzanne Pastor (*1952)"},"content":{"rendered":"\n<figure class=\"wp-block-pullquote\" style=\"border-color:#000000\"><blockquote class=\"has-text-color has-black-color\"><p>Suzanne Pastor is a German American artist based in Prague. She grew up in the Chicago area, studied at Northwestern University and at Art Institute of Chicago. Later she moved to Germany, where she studied at Kassel University and started working at Rudolf Kicken Gallery in Cologne. After spending ten years in Germany, she finally moved to Prague, where she co-founded and became the first curatorial director of Prague House of Photography (which later became part of GHMP\/Prague City Gallery). In her photographic work she often creates 3D objects based on photography, focusing on commodification and presentation of the image, often creating book-like objects from layered glass. She has also worked with moving image and created several videos. Her work was showed at exhibitions in New York, Amsterdam, Chicago, Frankfurt, Berlin or Prague and is also in the collections of Museum Ludwig in Cologne, Brooklyn Museum of Art, South African National Gallery in Cape Town and Moravian Gallery in Brno, to name a few.\u00a0<\/p><\/blockquote><\/figure>\n\n\n\n<div class=\"wp-block-columns is-layout-flex wp-container-11 wp-block-columns-is-layout-flex\">\n<div class=\"wp-block-column is-layout-flow wp-block-column-is-layout-flow\">\n<div class=\"wp-block-group\"><div class=\"wp-block-group__inner-container is-layout-flow wp-block-group-is-layout-flow\">\n<div class=\"wp-block-columns is-layout-flex wp-container-5 wp-block-columns-is-layout-flex\">\n<div class=\"wp-block-column is-layout-flow wp-block-column-is-layout-flow\" style=\"flex-basis:100%\">\n<div class=\"wp-block-columns is-layout-flex wp-container-3 wp-block-columns-is-layout-flex\">\n<div class=\"wp-block-column is-layout-flow wp-block-column-is-layout-flow\">\n<div class=\"wp-block-cover\" style=\"background-image:url(http:\/\/www.artinbox.cz\/wp-content\/uploads\/2021\/10\/IMG_7784-4-scaled.jpg)\"><div class=\"wp-block-cover__inner-container is-layout-flow wp-block-cover-is-layout-flow\">\n<p class=\"has-text-align-center has-large-font-size\"><\/p>\n<\/div><\/div>\n<\/div>\n<\/div>\n<\/div>\n<\/div>\n\n\n\n<div class=\"wp-block-cover\" style=\"background-image:url(http:\/\/www.artinbox.cz\/wp-content\/uploads\/2021\/10\/pastor.jpeg);background-position:35% 50%\"><div class=\"wp-block-cover__inner-container is-layout-flow wp-block-cover-is-layout-flow\">\n<p class=\"has-text-align-center has-large-font-size\"><\/p>\n<\/div><\/div>\n\n\n\n<div class=\"wp-block-columns is-layout-flex wp-container-8 wp-block-columns-is-layout-flex\">\n<div class=\"wp-block-column is-layout-flow wp-block-column-is-layout-flow\">\n<figure class=\"wp-block-pullquote\" style=\"border-color:#000000\"><blockquote class=\"has-text-color has-black-color\"><p>\u00a0Suzanne Pastor je n\u011bmecko-americk\u00e1 um\u011blkyn\u011b a kur\u00e1torka, \u017eij\u00edc\u00ed a pracuj\u00edc\u00ed v\u00a0Praze. Vyr\u016fstala bl\u00edzko americk\u00e9ho Chicaga, studovala na Northwestern University a Art Institute v\u00a0Chicagu. Pozd\u011bji se p\u0159est\u011bhovala do N\u011bmecka, kde d\u00e1le studovala na Kasselsk\u00e9 Univerzit\u011b a za\u010dala pracovat v\u00a0Rudolf Kicken galerii v\u00a0Kol\u00edn\u011b. Po deseti letech str\u00e1ven\u00fdch v\u00a0N\u011bmecku se kone\u010dn\u011b p\u0159est\u011bhovala do Prahy, kde se stala jednou ze zakladatelek a prvn\u00ed \u0159editelkou Pra\u017esk\u00e9ho domu fotografie (kter\u00fd se posl\u00e9ze stal sou\u010d\u00e1st\u00ed Galerie hlavn\u00edho m\u011bsta Prahy). V\u00a0r\u00e1mci sv\u00e9 tvorby \u010dasto m\u011bn\u00ed fotografie v trojrozm\u011brn\u00e9 p\u0159edm\u011bty, jako jsou nap\u0159\u00edklad jej\u00ed knihy vytv\u00e1\u0159en\u00e9 z\u00a0n\u011bkolika vrstev skla, a zkoum\u00e1 tak komodifikaci a prezentaci obrazu. Pracuje tak\u00e9 s\u00a0pohybliv\u00fdm obrazem a vytvo\u0159ila n\u011bkolik vide\u00ed. Jej\u00ed tvorba byla vystavena v\u00a0New Yorku, Amsterdamu, Chicagu, Frankfurtu, Berl\u00edn\u011b \u010di v\u00a0Praze a je zastoupena ve sb\u00edrk\u00e1ch jako je Museum Ludwig v\u00a0Kol\u00edn\u011b, Brooklyn Museum of Art, South African National Gallery v\u00a0Cape Town, V\u00a0Moravsk\u00e9 galerii v\u00a0Brn\u011b a v\u00a0mnoha dal\u0161\u00edch.<\/p><\/blockquote><\/figure>\n<\/div>\n<\/div>\n<\/div><\/div>\n<\/div>\n<\/div>\n","protected":false},"excerpt":{"rendered":"<p> [&hellip;]<\/p>\n","protected":false},"author":3,"featured_media":0,"parent":0,"menu_order":0,"comment_status":"closed","ping_status":"closed","template":"","meta":{"footnotes":""},"_links":{"self":[{"href":"https:\/\/www.artinbox.cz\/index.php?rest_route=\/wp\/v2\/pages\/4639"}],"collection":[{"href":"https:\/\/www.artinbox.cz\/index.php?rest_route=\/wp\/v2\/pages"}],"about":[{"href":"https:\/\/www.artinbox.cz\/index.php?rest_route=\/wp\/v2\/types\/page"}],"author":[{"embeddable":true,"href":"https:\/\/www.artinbox.cz\/index.php?rest_route=\/wp\/v2\/users\/3"}],"replies":[{"embeddable":true,"href":"https:\/\/www.artinbox.cz\/index.php?rest_route=%2Fwp%2Fv2%2Fcomments&post=4639"}],"version-history":[{"count":1,"href":"https:\/\/www.artinbox.cz\/index.php?rest_route=\/wp\/v2\/pages\/4639\/revisions"}],"predecessor-version":[{"id":4641,"href":"https:\/\/www.artinbox.cz\/index.php?rest_route=\/wp\/v2\/pages\/4639\/revisions\/4641"}],"wp:attachment":[{"href":"https:\/\/www.artinbox.cz\/index.php?rest_route=%2Fwp%2Fv2%2Fmedia&parent=4639"}],"curies":[{"name":"wp","href":"https:\/\/api.w.org\/{rel}","templated":true}]}}