{"id":4625,"date":"2021-10-08T18:52:46","date_gmt":"2021-10-08T17:52:46","guid":{"rendered":"http:\/\/www.artinbox.cz\/?page_id=4625"},"modified":"2021-10-08T18:52:47","modified_gmt":"2021-10-08T17:52:47","slug":"pavel-mara-1951","status":"publish","type":"page","link":"https:\/\/www.artinbox.cz\/?page_id=4625","title":{"rendered":"Pavel M\u00e1ra (*1951)"},"content":{"rendered":"\n<figure class=\"wp-block-pullquote\" style=\"border-color:#000000\"><blockquote class=\"has-text-color has-black-color\"><p><span style=\"background-color: initial;\">Pavel M\u00e1ra is a Czech photographer who has been teaching at the Institute of Creative Photography (ITF) at the Silecian University in Opava since 1996. He studied camera and photography at the Film and TV Faculty of the Academy of Performing Arts in Prague (FAMU), where he later also gave classes. In his work he focuses primarily on portrait and nude photography, while color is often the most prominent aspect of his artwork, with him being one of the first Czech photographers experimenting with color back in the 1970s. M\u00e1ra\u2019s photographs often near geometrical abstraction. His work has been acquired by many galleries \u2013 both at home and abroad \u2013 such as the National Gallery in Prague, Moravian Gallery in Brno, Museum Ludwig in Cologne or Galerie Municipale du Ch\u00e2teau d\u2019Eau.\u00a0B\u00e1lkov\u00e1 is an artist and a photographer. She works with mixed media, combining classical elements of paintings, photographs, sculptures and installations with new media. She studied New Media at the Academy of Fine Arts (AVU) in Prague in the studios of Ji\u0159\u00ed David and Veronika Bromov\u00e1, where she graduated in 2006. In her work she deals with human identity and its transformations, often focusing on female experience in particular. In 2005, B\u00e1lkov\u00e1 was awarded the bi-annual award for art students. Her work was featured at Praguebiennale 3 in 2007, Praguebiennale 4 in 2009, Prague Photo in 2009 and many group exhibitions, including The Intimate Circle in Contemporary Czech Photography in 2013 in Prague City Gallery (GHMP).<\/span><\/p><\/blockquote><\/figure>\n\n\n\n<div class=\"wp-block-columns is-layout-flex wp-container-7 wp-block-columns-is-layout-flex\">\n<div class=\"wp-block-column is-layout-flow wp-block-column-is-layout-flow\">\n<div class=\"wp-block-group\"><div class=\"wp-block-group__inner-container is-layout-flow wp-block-group-is-layout-flow\">\n<figure class=\"wp-block-gallery columns-2 is-cropped wp-block-gallery-1 is-layout-flex wp-block-gallery-is-layout-flex\"><ul class=\"blocks-gallery-grid\"><li class=\"blocks-gallery-item\"><figure><img decoding=\"async\" loading=\"lazy\" width=\"928\" height=\"1024\" src=\"https:\/\/www.artinbox.cz\/wp-content\/uploads\/2021\/10\/pavel-mara-madona-resized-3-928x1024.jpg\" alt=\"\" data-id=\"4626\" data-full-url=\"https:\/\/www.artinbox.cz\/wp-content\/uploads\/2021\/10\/pavel-mara-madona-resized-3-scaled.jpg\" data-link=\"https:\/\/www.artinbox.cz\/wp-content\/uploads\/2021\/10\/pavel-mara-madona-resized-3-scaled.jpg\" class=\"wp-image-4626\" srcset=\"https:\/\/www.artinbox.cz\/wp-content\/uploads\/2021\/10\/pavel-mara-madona-resized-3-928x1024.jpg 928w, https:\/\/www.artinbox.cz\/wp-content\/uploads\/2021\/10\/pavel-mara-madona-resized-3-600x662.jpg 600w, https:\/\/www.artinbox.cz\/wp-content\/uploads\/2021\/10\/pavel-mara-madona-resized-3-768x848.jpg 768w, https:\/\/www.artinbox.cz\/wp-content\/uploads\/2021\/10\/pavel-mara-madona-resized-3-1392x1536.jpg 1392w, https:\/\/www.artinbox.cz\/wp-content\/uploads\/2021\/10\/pavel-mara-madona-resized-3-1856x2048.jpg 1856w, https:\/\/www.artinbox.cz\/wp-content\/uploads\/2021\/10\/pavel-mara-madona-resized-3-305x337.jpg 305w\" sizes=\"(max-width: 928px) 100vw, 928px\" \/><\/figure><\/li><li class=\"blocks-gallery-item\"><figure><img decoding=\"async\" loading=\"lazy\" width=\"774\" height=\"1024\" src=\"https:\/\/www.artinbox.cz\/wp-content\/uploads\/2021\/10\/pavel-maraa-1-774x1024.png\" alt=\"\" data-id=\"4627\" data-full-url=\"https:\/\/www.artinbox.cz\/wp-content\/uploads\/2021\/10\/pavel-maraa-1.png\" data-link=\"https:\/\/www.artinbox.cz\/wp-content\/uploads\/2021\/10\/pavel-maraa-1.png\" class=\"wp-image-4627\" srcset=\"https:\/\/www.artinbox.cz\/wp-content\/uploads\/2021\/10\/pavel-maraa-1-774x1024.png 774w, https:\/\/www.artinbox.cz\/wp-content\/uploads\/2021\/10\/pavel-maraa-1-600x794.png 600w, https:\/\/www.artinbox.cz\/wp-content\/uploads\/2021\/10\/pavel-maraa-1-768x1016.png 768w, https:\/\/www.artinbox.cz\/wp-content\/uploads\/2021\/10\/pavel-maraa-1-305x404.png 305w, https:\/\/www.artinbox.cz\/wp-content\/uploads\/2021\/10\/pavel-maraa-1.png 968w\" sizes=\"(max-width: 774px) 100vw, 774px\" \/><\/figure><\/li><\/ul><\/figure>\n\n\n\n<div class=\"wp-block-columns is-layout-flex wp-container-4 wp-block-columns-is-layout-flex\">\n<div class=\"wp-block-column is-layout-flow wp-block-column-is-layout-flow\">\n<figure class=\"wp-block-pullquote\" style=\"border-color:#000000\"><blockquote class=\"has-text-color has-black-color\"><p>Pavel M\u00e1ra je \u010desk\u00fd fotograf a pedagog p\u016fsob\u00edc\u00ed na Institutu tv\u016fr\u010d\u00ed fotografie Slezsk\u00e9 Univerzity v\u00a0Opav\u011b od roku 1996. Studoval Kameru a Fotografii na Filmov\u00e9 a televizn\u00ed fakult\u011b Akademie m\u00fazick\u00fdch um\u011bn\u00ed v\u00a0Praze, kde pozd\u011bji tak\u00e9 vyu\u010doval. Ve sv\u00e9 tvorb\u011b se zam\u011b\u0159uje zejm\u00e9na na portr\u00e9t a akt. Barva \u010dasto b\u00fdv\u00e1 nejv\u00fdrazn\u011bj\u0161\u00edm prvkem jeho d\u011bl \u2013 v\u00a070. letech minul\u00e9ho stolet\u00ed dokonce pat\u0159il mezi prvn\u00ed \u010deskoslovensk\u00e9 fotografy, co s\u00a0barvami experimentovali. Jeho fotografie se tak na prvn\u00ed pohled \u010dasto bl\u00ed\u017e\u00ed abstraktn\u00ed geometrii. M\u00e1rova d\u00edla jsou zastoupena v\u00a0n\u011bkolika sb\u00edrk\u00e1ch doma i v\u00a0zahrani\u010d\u00ed, jako je nap\u0159\u00edklad N\u00e1rodn\u00ed galerie v\u00a0Praze, Moravsk\u00e1 galerie v\u00a0Brn\u011b, Museum Ludwig v\u00a0Kol\u00edn\u011b \u010di Galerie Municipale du Ch\u00e2teau d\u2019Eau v\u00a0Toulouse.\u00a0<\/p><\/blockquote><\/figure>\n<\/div>\n<\/div>\n<\/div><\/div>\n<\/div>\n<\/div>\n","protected":false},"excerpt":{"rendered":"<p> [&hellip;]<\/p>\n","protected":false},"author":3,"featured_media":0,"parent":0,"menu_order":0,"comment_status":"closed","ping_status":"closed","template":"","meta":{"footnotes":""},"_links":{"self":[{"href":"https:\/\/www.artinbox.cz\/index.php?rest_route=\/wp\/v2\/pages\/4625"}],"collection":[{"href":"https:\/\/www.artinbox.cz\/index.php?rest_route=\/wp\/v2\/pages"}],"about":[{"href":"https:\/\/www.artinbox.cz\/index.php?rest_route=\/wp\/v2\/types\/page"}],"author":[{"embeddable":true,"href":"https:\/\/www.artinbox.cz\/index.php?rest_route=\/wp\/v2\/users\/3"}],"replies":[{"embeddable":true,"href":"https:\/\/www.artinbox.cz\/index.php?rest_route=%2Fwp%2Fv2%2Fcomments&post=4625"}],"version-history":[{"count":1,"href":"https:\/\/www.artinbox.cz\/index.php?rest_route=\/wp\/v2\/pages\/4625\/revisions"}],"predecessor-version":[{"id":4628,"href":"https:\/\/www.artinbox.cz\/index.php?rest_route=\/wp\/v2\/pages\/4625\/revisions\/4628"}],"wp:attachment":[{"href":"https:\/\/www.artinbox.cz\/index.php?rest_route=%2Fwp%2Fv2%2Fmedia&parent=4625"}],"curies":[{"name":"wp","href":"https:\/\/api.w.org\/{rel}","templated":true}]}}