{"id":4615,"date":"2021-10-07T17:55:11","date_gmt":"2021-10-07T16:55:11","guid":{"rendered":"http:\/\/www.artinbox.cz\/?page_id=4615"},"modified":"2021-10-08T19:05:01","modified_gmt":"2021-10-08T18:05:01","slug":"ladislav-bartos-1949","status":"publish","type":"page","link":"https:\/\/www.artinbox.cz\/?page_id=4615","title":{"rendered":"Ladislav Barto\u0161 (*1949)"},"content":{"rendered":"\n<figure class=\"wp-block-pullquote\"><blockquote><p>Barto\u0161 is a Czech photographer and painter based in Prague and in Z\u00fcrich. Since the beginning of his career, he has been fascinated by realism and the exactness of photography. As a painter, he strived to achieve the same level of faithfulness of form and later began to combine painting with photography. He often achieves the end result working with computer technologies, printing it on hand-made paper and either sticking the print to an aluminum board or just hanging in freely in space. Barto\u0161 has created objects often using 3D printing methods and in Z\u00fcrich he has created several installations in public space. He has exhibited his work in galleries in Z\u00fcrich, Prague, but also New York, Washington D.C. or in Poland.\u00a0<\/p><\/blockquote><\/figure>\n\n\n\n<div class=\"wp-block-columns is-layout-flex wp-container-5 wp-block-columns-is-layout-flex\">\n<div class=\"wp-block-column is-layout-flow wp-block-column-is-layout-flow\">\n<div class=\"wp-block-group\"><div class=\"wp-block-group__inner-container is-layout-flow wp-block-group-is-layout-flow\">\n<figure class=\"wp-block-gallery columns-1 is-cropped wp-block-gallery-1 is-layout-flex wp-block-gallery-is-layout-flex\"><ul class=\"blocks-gallery-grid\"><li class=\"blocks-gallery-item\"><figure><img decoding=\"async\" loading=\"lazy\" width=\"701\" height=\"345\" src=\"https:\/\/www.artinbox.cz\/wp-content\/uploads\/2021\/10\/lada-bartos.jpg\" alt=\"\" data-id=\"4616\" data-full-url=\"https:\/\/www.artinbox.cz\/wp-content\/uploads\/2021\/10\/lada-bartos.jpg\" data-link=\"https:\/\/www.artinbox.cz\/wp-content\/uploads\/2021\/10\/lada-bartos.jpg\" class=\"wp-image-4616\" srcset=\"https:\/\/www.artinbox.cz\/wp-content\/uploads\/2021\/10\/lada-bartos.jpg 701w, https:\/\/www.artinbox.cz\/wp-content\/uploads\/2021\/10\/lada-bartos-600x295.jpg 600w, https:\/\/www.artinbox.cz\/wp-content\/uploads\/2021\/10\/lada-bartos-305x150.jpg 305w\" sizes=\"(max-width: 701px) 100vw, 701px\" \/><\/figure><\/li><\/ul><\/figure>\n<\/div><\/div>\n\n\n\n<p><\/p>\n<\/div>\n<\/div>\n\n\n\n<figure class=\"wp-block-pullquote\"><blockquote><p>Barto\u0161 je \u010desk\u00fd fotograf a mal\u00ed\u0159, \u017eije a pracuje v\u00a0Praze a v\u00a0Curychu. Od po\u010d\u00e1tku sv\u00e9 kari\u00e9ry ho fascinoval realismus a p\u0159esnost fotografie. Ve sv\u00e9 mal\u00ed\u0159sk\u00e9 tvorb\u011b se sna\u017eil dos\u00e1hnout stejn\u00e9 \u00farovn\u011b v\u011brnosti formy a pozd\u011bji za\u010dal kombinovat malbu s\u00a0fotografi\u00ed. Jeho d\u00edla jsou \u010dasto vytv\u00e1\u0159ena za\u00a0pomoci po\u010d\u00edta\u010dov\u00fdch technologi\u00ed, tisknuta na ru\u010dn\u00ed pap\u00edr, tisky jsou pak bu\u010f nalepeny na hlin\u00edkov\u00e9 desky nebo jsou voln\u011b zav\u011b\u0161eny do prostoru. Barto\u0161 tak\u00e9 tvo\u0159\u00ed objekty metodou 3D tisku a v\u00a0Curychu vytvo\u0159il \u0159adu instalac\u00ed ve ve\u0159ejn\u00e9m prostoru. Vystavoval galeri\u00edch v\u00a0Curychu a Praze, ale tak\u00e9 v\u00a0New Yorku, Washingtonu nebo v\u00a0Polsku.<\/p><\/blockquote><\/figure>\n","protected":false},"excerpt":{"rendered":"<p> [&hellip;]<\/p>\n","protected":false},"author":3,"featured_media":0,"parent":0,"menu_order":0,"comment_status":"closed","ping_status":"closed","template":"","meta":{"footnotes":""},"_links":{"self":[{"href":"https:\/\/www.artinbox.cz\/index.php?rest_route=\/wp\/v2\/pages\/4615"}],"collection":[{"href":"https:\/\/www.artinbox.cz\/index.php?rest_route=\/wp\/v2\/pages"}],"about":[{"href":"https:\/\/www.artinbox.cz\/index.php?rest_route=\/wp\/v2\/types\/page"}],"author":[{"embeddable":true,"href":"https:\/\/www.artinbox.cz\/index.php?rest_route=\/wp\/v2\/users\/3"}],"replies":[{"embeddable":true,"href":"https:\/\/www.artinbox.cz\/index.php?rest_route=%2Fwp%2Fv2%2Fcomments&post=4615"}],"version-history":[{"count":3,"href":"https:\/\/www.artinbox.cz\/index.php?rest_route=\/wp\/v2\/pages\/4615\/revisions"}],"predecessor-version":[{"id":4633,"href":"https:\/\/www.artinbox.cz\/index.php?rest_route=\/wp\/v2\/pages\/4615\/revisions\/4633"}],"wp:attachment":[{"href":"https:\/\/www.artinbox.cz\/index.php?rest_route=%2Fwp%2Fv2%2Fmedia&parent=4615"}],"curies":[{"name":"wp","href":"https:\/\/api.w.org\/{rel}","templated":true}]}}